{"id":544,"date":"2019-09-06T16:00:11","date_gmt":"2019-09-06T14:00:11","guid":{"rendered":"https:\/\/kentneal.com\/?page_id=544"},"modified":"2019-11-06T19:10:38","modified_gmt":"2019-11-06T18:10:38","slug":"poetry-collections","status":"publish","type":"page","link":"https:\/\/kentneal.com\/fr\/recueils-poesie\/","title":{"rendered":"Les recueils de po\u00e9sie"},"content":{"rendered":"<div data-elementor-type=\"wp-post\" data-elementor-id=\"544\" class=\"elementor elementor-544\" data-elementor-post-type=\"page\">\n\t\t\t\t\t\t<section class=\"elementor-section elementor-top-section elementor-element elementor-element-ab62df8 elementor-section-height-min-height elementor-section-boxed elementor-section-height-default elementor-section-items-middle elementor-invisible\" data-id=\"ab62df8\" data-element_type=\"section\" data-e-type=\"section\" data-settings=\"{&quot;background_background&quot;:&quot;classic&quot;,&quot;animation&quot;:&quot;fadeIn&quot;}\">\n\t\t\t\t\t\t\t<div class=\"elementor-background-overlay\"><\/div>\n\t\t\t\t\t\t\t<div class=\"elementor-container elementor-column-gap-no\">\n\t\t\t\t\t<div class=\"elementor-column elementor-col-100 elementor-top-column elementor-element elementor-element-004f890\" data-id=\"004f890\" data-element_type=\"column\" data-e-type=\"column\">\n\t\t\t<div class=\"elementor-widget-wrap elementor-element-populated\">\n\t\t\t\t\t\t<section class=\"elementor-section elementor-inner-section elementor-element elementor-element-f947a0a elementor-section-boxed elementor-section-height-default elementor-section-height-default\" data-id=\"f947a0a\" data-element_type=\"section\" data-e-type=\"section\">\n\t\t\t\t\t\t<div class=\"elementor-container elementor-column-gap-default\">\n\t\t\t\t\t<div class=\"elementor-column elementor-col-100 elementor-inner-column elementor-element elementor-element-42e69f7\" data-id=\"42e69f7\" data-element_type=\"column\" data-e-type=\"column\">\n\t\t\t<div class=\"elementor-widget-wrap elementor-element-populated\">\n\t\t\t\t\t\t<div class=\"elementor-element elementor-element-caea9ce elementor-widget elementor-widget-heading\" data-id=\"caea9ce\" data-element_type=\"widget\" data-e-type=\"widget\" data-widget_type=\"heading.default\">\n\t\t\t\t<div class=\"elementor-widget-container\">\n\t\t\t\t\t<h1 class=\"elementor-heading-title elementor-size-default\">Les recueils de po\u00e9sie<\/h1>\t\t\t\t<\/div>\n\t\t\t\t<\/div>\n\t\t\t\t\t<\/div>\n\t\t<\/div>\n\t\t\t\t\t<\/div>\n\t\t<\/section>\n\t\t\t\t\t<\/div>\n\t\t<\/div>\n\t\t\t\t\t<\/div>\n\t\t<\/section>\n\t\t\t\t<section class=\"elementor-section elementor-top-section elementor-element elementor-element-f621baf elementor-section-boxed elementor-section-height-default elementor-section-height-default elementor-invisible\" data-id=\"f621baf\" data-element_type=\"section\" data-e-type=\"section\" data-settings=\"{&quot;background_background&quot;:&quot;classic&quot;,&quot;animation&quot;:&quot;fadeIn&quot;}\">\n\t\t\t\t\t\t<div class=\"elementor-container elementor-column-gap-no\">\n\t\t\t\t\t<div class=\"elementor-column elementor-col-100 elementor-top-column elementor-element elementor-element-e952e70\" data-id=\"e952e70\" data-element_type=\"column\" data-e-type=\"column\">\n\t\t\t<div class=\"elementor-widget-wrap elementor-element-populated\">\n\t\t\t\t\t\t<div class=\"elementor-element elementor-element-40d3aeb elementor-drop-cap-yes elementor-drop-cap-view-default elementor-widget elementor-widget-text-editor\" data-id=\"40d3aeb\" data-element_type=\"widget\" data-e-type=\"widget\" data-settings=\"{&quot;drop_cap&quot;:&quot;yes&quot;}\" data-widget_type=\"text-editor.default\">\n\t\t\t\t<div class=\"elementor-widget-container\">\n\t\t\t\t\t\t\t\t\t<p>Les recueils de po\u00e9sie sont disponibles sous format papier au cours des s\u00e9ances de lecture de po\u00e9sie, dans les festivals litt\u00e9raires, dans les librairies physiques et en ligne (en commandant directement aupr\u00e8s des maisons d\u2019\u00e9dition ou par les librairies en ligne). Les librairies font conna\u00eetre les po\u00e8tes contemporains et accueillent des s\u00e9ances de lecture de po\u00e9sie. Contactez la librairie la plus proche pour savoir quand aura lieu la prochaine s\u00e9ance de lecture.<\/p>\t\t\t\t\t\t\t\t<\/div>\n\t\t\t\t<\/div>\n\t\t\t\t\t<\/div>\n\t\t<\/div>\n\t\t\t\t\t<\/div>\n\t\t<\/section>\n\t\t\t\t<section class=\"elementor-section elementor-top-section elementor-element elementor-element-adffa8b elementor-section-boxed elementor-section-height-default elementor-section-height-default elementor-invisible\" data-id=\"adffa8b\" data-element_type=\"section\" data-e-type=\"section\" data-settings=\"{&quot;background_background&quot;:&quot;classic&quot;,&quot;animation&quot;:&quot;fadeIn&quot;}\">\n\t\t\t\t\t\t<div class=\"elementor-container elementor-column-gap-wider\">\n\t\t\t\t\t<div class=\"elementor-column elementor-col-50 elementor-top-column elementor-element elementor-element-def0778\" data-id=\"def0778\" data-element_type=\"column\" data-e-type=\"column\">\n\t\t\t<div class=\"elementor-widget-wrap elementor-element-populated\">\n\t\t\t\t\t\t<div class=\"elementor-element elementor-element-19a2e4d elementor-widget elementor-widget-heading\" data-id=\"19a2e4d\" data-element_type=\"widget\" data-e-type=\"widget\" data-widget_type=\"heading.default\">\n\t\t\t\t<div class=\"elementor-widget-container\">\n\t\t\t\t\t<h2 class=\"elementor-heading-title elementor-size-default\">Les chapbooks<\/h2>\t\t\t\t<\/div>\n\t\t\t\t<\/div>\n\t\t\t\t\t<\/div>\n\t\t<\/div>\n\t\t\t\t<div class=\"elementor-column elementor-col-50 elementor-top-column elementor-element elementor-element-e4c332b\" data-id=\"e4c332b\" data-element_type=\"column\" data-e-type=\"column\">\n\t\t\t<div class=\"elementor-widget-wrap elementor-element-populated\">\n\t\t\t\t\t\t<div class=\"elementor-element elementor-element-c2f6fe4 elementor-widget elementor-widget-text-editor\" data-id=\"c2f6fe4\" data-element_type=\"widget\" data-e-type=\"widget\" data-widget_type=\"text-editor.default\">\n\t\t\t\t<div class=\"elementor-widget-container\">\n\t\t\t\t\t\t\t\t\t<p>Les chapbooks sont des livres de po\u00e9sie comptant g\u00e9n\u00e9ralement 20 \u00e0 30 pages, avec une couverture papier. Ils sont vendus lors des s\u00e9ances de lecture ou dans des librairies ind\u00e9pendantes, g\u00e9n\u00e9ralement par des po\u00e8tes d\u00e9butants, m\u00eame s\u2019il arrive que des po\u00e8tes plus exp\u00e9riment\u00e9s en publient. <\/p>\t\t\t\t\t\t\t\t<\/div>\n\t\t\t\t<\/div>\n\t\t\t\t\t<\/div>\n\t\t<\/div>\n\t\t\t\t\t<\/div>\n\t\t<\/section>\n\t\t\t\t<section class=\"elementor-section elementor-top-section elementor-element elementor-element-e133d90 elementor-section-boxed elementor-section-height-default elementor-section-height-default elementor-invisible\" data-id=\"e133d90\" data-element_type=\"section\" data-e-type=\"section\" data-settings=\"{&quot;background_background&quot;:&quot;classic&quot;,&quot;animation&quot;:&quot;fadeIn&quot;}\">\n\t\t\t\t\t\t<div class=\"elementor-container elementor-column-gap-wider\">\n\t\t\t\t\t<div class=\"elementor-column elementor-col-50 elementor-top-column elementor-element elementor-element-bb37f0a\" data-id=\"bb37f0a\" data-element_type=\"column\" data-e-type=\"column\">\n\t\t\t<div class=\"elementor-widget-wrap elementor-element-populated\">\n\t\t\t\t\t\t<div class=\"elementor-element elementor-element-6b502cc elementor-widget elementor-widget-heading\" data-id=\"6b502cc\" data-element_type=\"widget\" data-e-type=\"widget\" data-widget_type=\"heading.default\">\n\t\t\t\t<div class=\"elementor-widget-container\">\n\t\t\t\t\t<h2 class=\"elementor-heading-title elementor-size-default\">La po\u00e9sie et l'art<\/h2>\t\t\t\t<\/div>\n\t\t\t\t<\/div>\n\t\t\t\t\t<\/div>\n\t\t<\/div>\n\t\t\t\t<div class=\"elementor-column elementor-col-50 elementor-top-column elementor-element elementor-element-4032f5e\" data-id=\"4032f5e\" data-element_type=\"column\" data-e-type=\"column\">\n\t\t\t<div class=\"elementor-widget-wrap elementor-element-populated\">\n\t\t\t\t\t\t<div class=\"elementor-element elementor-element-f33db09 elementor-widget elementor-widget-text-editor\" data-id=\"f33db09\" data-element_type=\"widget\" data-e-type=\"widget\" data-widget_type=\"text-editor.default\">\n\t\t\t\t<div class=\"elementor-widget-container\">\n\t\t\t\t\t\t\t\t\t<p>Certains \u00e9diteurs de po\u00e9sie proposent des livres de po\u00e8mes, qui sont de v\u00e9ritables \u0153uvres d\u2019art. Ils veillent particuli\u00e8rement \u00e0 la qualit\u00e9 de la fabrication des livres. Ils sont imprim\u00e9s \u00e0 faible tirage sur un papier sp\u00e9cial. Les po\u00e8mes peuvent \u00eatre illustr\u00e9s par des dessins, des peintures, des photographies ou de l\u2019art num\u00e9rique. <\/p>\t\t\t\t\t\t\t\t<\/div>\n\t\t\t\t<\/div>\n\t\t\t\t\t<\/div>\n\t\t<\/div>\n\t\t\t\t\t<\/div>\n\t\t<\/section>\n\t\t\t\t<section class=\"elementor-section elementor-top-section elementor-element elementor-element-70d0909 elementor-section-boxed elementor-section-height-default elementor-section-height-default elementor-invisible\" data-id=\"70d0909\" data-element_type=\"section\" data-e-type=\"section\" data-settings=\"{&quot;background_background&quot;:&quot;classic&quot;,&quot;animation&quot;:&quot;fadeIn&quot;}\">\n\t\t\t\t\t\t<div class=\"elementor-container elementor-column-gap-wider\">\n\t\t\t\t\t<div class=\"elementor-column elementor-col-50 elementor-top-column elementor-element elementor-element-c94b80f\" data-id=\"c94b80f\" data-element_type=\"column\" data-e-type=\"column\">\n\t\t\t<div class=\"elementor-widget-wrap elementor-element-populated\">\n\t\t\t\t\t\t<div class=\"elementor-element elementor-element-4da930e elementor-widget elementor-widget-heading\" data-id=\"4da930e\" data-element_type=\"widget\" data-e-type=\"widget\" data-widget_type=\"heading.default\">\n\t\t\t\t<div class=\"elementor-widget-container\">\n\t\t\t\t\t<h2 class=\"elementor-heading-title elementor-size-default\">Les livres num\u00e9riques<\/h2>\t\t\t\t<\/div>\n\t\t\t\t<\/div>\n\t\t\t\t\t<\/div>\n\t\t<\/div>\n\t\t\t\t<div class=\"elementor-column elementor-col-50 elementor-top-column elementor-element elementor-element-b258ab8\" data-id=\"b258ab8\" data-element_type=\"column\" data-e-type=\"column\">\n\t\t\t<div class=\"elementor-widget-wrap elementor-element-populated\">\n\t\t\t\t\t\t<div class=\"elementor-element elementor-element-8d992e0 elementor-widget elementor-widget-text-editor\" data-id=\"8d992e0\" data-element_type=\"widget\" data-e-type=\"widget\" data-widget_type=\"text-editor.default\">\n\t\t\t\t<div class=\"elementor-widget-container\">\n\t\t\t\t\t\t\t\t\t<p>D\u00e9sormais, de plus en plus de recueils de po\u00e9sie existent au format \u00e9lectronique. Les livres num\u00e9riques sont pratiques car on peut les t\u00e9l\u00e9charger 24 heures sur 24 et 7 jours sur 7. Et vous pouvez stocker un nombre de livres presque illimit\u00e9 dans une liseuse num\u00e9rique assez petite pour tenir dans votre poche. Toutefois, les lecteurs pr\u00e9f\u00e8rent souvent les livres papier pour lire de la po\u00e9sie et c\u2019est tr\u00e8s bien aussi. <\/p>\t\t\t\t\t\t\t\t<\/div>\n\t\t\t\t<\/div>\n\t\t\t\t\t<\/div>\n\t\t<\/div>\n\t\t\t\t\t<\/div>\n\t\t<\/section>\n\t\t\t\t<section class=\"elementor-section elementor-top-section elementor-element elementor-element-edb3717 elementor-section-boxed elementor-section-height-default elementor-section-height-default elementor-invisible\" data-id=\"edb3717\" data-element_type=\"section\" data-e-type=\"section\" data-settings=\"{&quot;background_background&quot;:&quot;classic&quot;,&quot;animation&quot;:&quot;fadeIn&quot;}\">\n\t\t\t\t\t\t<div class=\"elementor-container elementor-column-gap-wider\">\n\t\t\t\t\t<div class=\"elementor-column elementor-col-50 elementor-top-column elementor-element elementor-element-58d99ea\" data-id=\"58d99ea\" data-element_type=\"column\" data-e-type=\"column\">\n\t\t\t<div class=\"elementor-widget-wrap elementor-element-populated\">\n\t\t\t\t\t\t<div class=\"elementor-element elementor-element-b3b3977 elementor-widget elementor-widget-heading\" data-id=\"b3b3977\" data-element_type=\"widget\" data-e-type=\"widget\" data-widget_type=\"heading.default\">\n\t\t\t\t<div class=\"elementor-widget-container\">\n\t\t\t\t\t<h2 class=\"elementor-heading-title elementor-size-default\">Les anthologies de po\u00e9sie<\/h2>\t\t\t\t<\/div>\n\t\t\t\t<\/div>\n\t\t\t\t\t<\/div>\n\t\t<\/div>\n\t\t\t\t<div class=\"elementor-column elementor-col-50 elementor-top-column elementor-element elementor-element-4f81190\" data-id=\"4f81190\" data-element_type=\"column\" data-e-type=\"column\">\n\t\t\t<div class=\"elementor-widget-wrap elementor-element-populated\">\n\t\t\t\t\t\t<div class=\"elementor-element elementor-element-8e0db09 elementor-widget elementor-widget-text-editor\" data-id=\"8e0db09\" data-element_type=\"widget\" data-e-type=\"widget\" data-widget_type=\"text-editor.default\">\n\t\t\t\t<div class=\"elementor-widget-container\">\n\t\t\t\t\t\t\t\t\t<p>Que ce soit sous format papier ou \u00e9lectronique, les anthologies de po\u00e9sie contemporaine sont une sorte de buffet \u00e0 volont\u00e9, dans lesquelles on peut lire diff\u00e9rents po\u00e8mes portant sur un sujet ou un pays particulier, ou dont les auteurs ont des points communs (genre, orientation sexuelle, race ou origine, etc.). C\u2019est le moyen id\u00e9al de d\u00e9couvrir tout un panel de po\u00e8tes dans un m\u00eame livre. <\/p>\t\t\t\t\t\t\t\t<\/div>\n\t\t\t\t<\/div>\n\t\t\t\t\t<\/div>\n\t\t<\/div>\n\t\t\t\t\t<\/div>\n\t\t<\/section>\n\t\t\t\t<section class=\"elementor-section elementor-top-section elementor-element elementor-element-4e8b91c elementor-section-boxed elementor-section-height-default elementor-section-height-default elementor-invisible\" data-id=\"4e8b91c\" data-element_type=\"section\" data-e-type=\"section\" data-settings=\"{&quot;background_background&quot;:&quot;classic&quot;,&quot;animation&quot;:&quot;fadeIn&quot;}\">\n\t\t\t\t\t\t<div class=\"elementor-container elementor-column-gap-wider\">\n\t\t\t\t\t<div class=\"elementor-column elementor-col-50 elementor-top-column elementor-element elementor-element-bf3fcf7\" data-id=\"bf3fcf7\" data-element_type=\"column\" data-e-type=\"column\">\n\t\t\t<div class=\"elementor-widget-wrap elementor-element-populated\">\n\t\t\t\t\t\t<div class=\"elementor-element elementor-element-adb89eb elementor-widget elementor-widget-heading\" data-id=\"adb89eb\" data-element_type=\"widget\" data-e-type=\"widget\" data-widget_type=\"heading.default\">\n\t\t\t\t<div class=\"elementor-widget-container\">\n\t\t\t\t\t<h2 class=\"elementor-heading-title elementor-size-default\">Ressources en po\u00e9sie<\/h2>\t\t\t\t<\/div>\n\t\t\t\t<\/div>\n\t\t\t\t\t<\/div>\n\t\t<\/div>\n\t\t\t\t<div class=\"elementor-column elementor-col-50 elementor-top-column elementor-element elementor-element-70fafec\" data-id=\"70fafec\" data-element_type=\"column\" data-e-type=\"column\">\n\t\t\t<div class=\"elementor-widget-wrap elementor-element-populated\">\n\t\t\t\t\t\t<div class=\"elementor-element elementor-element-246efff elementor-widget elementor-widget-text-editor\" data-id=\"246efff\" data-element_type=\"widget\" data-e-type=\"widget\" data-widget_type=\"text-editor.default\">\n\t\t\t\t<div class=\"elementor-widget-container\">\n\t\t\t\t\t\t\t\t\t<p>Sur Internet, il existe de nombreuses ressources utiles sur la po\u00e9sie. Cette liste n\u2019est en aucun cas exhaustive.<\/p>\t\t\t\t\t\t\t\t<\/div>\n\t\t\t\t<\/div>\n\t\t\t\t<div class=\"elementor-element elementor-element-4bd0d5a elementor-widget elementor-widget-text-editor\" data-id=\"4bd0d5a\" data-element_type=\"widget\" data-e-type=\"widget\" data-widget_type=\"text-editor.default\">\n\t\t\t\t<div class=\"elementor-widget-container\">\n\t\t\t\t\t\t\t\t\t<p><b>Sites en fran\u00e7ais :\u00a0<\/b><\/p><ul><li>Association Francophone de Ha\u00efku : <a href=\"http:\/\/www.association-francophone-de-haiku.com\" target=\"_blank\" rel=\"noopener\">www.association-francophone-de-haiku.com<\/a><\/li><li>Le Printemps des Po\u00e8tes : <a href=\"http:\/\/www.printempsdespoetes.com\" target=\"_blank\" rel=\"noopener\">www.printempsdespoetes.com<\/a><\/li><li>Le March\u00e9 de la Po\u00e9sie : <a href=\"http:\/\/www.marche-poesie.com\" target=\"_blank\" rel=\"noopener\">www.marche-poesie.com<\/a><\/li><\/ul>\t\t\t\t\t\t\t\t<\/div>\n\t\t\t\t<\/div>\n\t\t\t\t<div class=\"elementor-element elementor-element-548e867 elementor-widget elementor-widget-text-editor\" data-id=\"548e867\" data-element_type=\"widget\" data-e-type=\"widget\" data-widget_type=\"text-editor.default\">\n\t\t\t\t<div class=\"elementor-widget-container\">\n\t\t\t\t\t\t\t\t\t<p><b>Sites en anglais :\u00a0<\/b><\/p><ul><li>Academy of American Poets : <a href=\"http:\/\/www.poets.org\" target=\"_blank\" rel=\"noopener\">www.poets.org<\/a><\/li><li>Best American Poetry : <a href=\"http:\/\/www.bestamericanpoetry.com\" target=\"_blank\" rel=\"noopener\">www.bestamericanpoetry.com<\/a><\/li><li>Haiku Society of America : <a href=\"http:\/\/www.hsa-haiku.org\" target=\"_blank\" rel=\"noopener\">www.hsa-haiku.org<\/a><\/li><li>Kenyon Review : <a href=\"http:\/\/www.kenyonreview.org\" target=\"_blank\" rel=\"noopener\">www.kenyonreview.org<\/a><\/li><li>Rubrique po\u00e9sie de The New Yorker : <a href=\"http:\/\/www.newyorker.com\/tag\/poetry\" target=\"_blank\" rel=\"noopener\">www.newyorker.com\/tag\/poetry<\/a><\/li><li>Poetry Society of America : <a href=\"http:\/\/www.poetrysociety.org\" target=\"_blank\" rel=\"noopener\">www.poetrysociety.org<\/a><\/li><li>Poezibao : <a href=\"http:\/\/poezibao.typepad.com\" target=\"_blank\" rel=\"noopener\">poezibao.typepad.com<\/a><\/li><\/ul>\t\t\t\t\t\t\t\t<\/div>\n\t\t\t\t<\/div>\n\t\t\t\t\t<\/div>\n\t\t<\/div>\n\t\t\t\t\t<\/div>\n\t\t<\/section>\n\t\t\t\t<\/div>","protected":false},"excerpt":{"rendered":"<p>Poetry Collections Poetry collections are available in paper format at poetry readings, literary festivals, brick-and-mortar bookstores and online (by ordering directly from publishers or through internet booksellers). Bookstores promote contemporary poets and host poetry readings. Find out when the next reading will be held at your local bookstore. Chapbooks Chapbooks are paper-bound books of poetry [&hellip;]<\/p>\n","protected":false},"author":1,"featured_media":0,"parent":0,"menu_order":4,"comment_status":"closed","ping_status":"closed","template":"","meta":{"footnotes":""},"class_list":["post-544","page","type-page","status-publish","hentry"],"yoast_head":"<!-- This site is optimized with the Yoast SEO plugin v27.3 - https:\/\/yoast.com\/product\/yoast-seo-wordpress\/ -->\n<title>Poetry Collections - Kent Neal<\/title>\n<meta name=\"description\" content=\"Books of poetry come in different formats: chapbooks, art books, e-books and poetry anthologies.\" \/>\n<meta name=\"robots\" content=\"index, follow, max-snippet:-1, max-image-preview:large, max-video-preview:-1\" \/>\n<link rel=\"canonical\" href=\"https:\/\/kentneal.com\/fr\/poetry-collections\/\" \/>\n<meta property=\"og:locale\" content=\"fr_FR\" \/>\n<meta property=\"og:type\" content=\"article\" \/>\n<meta property=\"og:title\" content=\"Poetry Collections - Kent Neal\" \/>\n<meta property=\"og:description\" content=\"Books of poetry come in different formats: chapbooks, art books, e-books and poetry anthologies.\" \/>\n<meta property=\"og:url\" content=\"https:\/\/kentneal.com\/fr\/poetry-collections\/\" \/>\n<meta property=\"og:site_name\" content=\"Kent Neal\" \/>\n<meta property=\"article:modified_time\" content=\"2019-11-06T18:10:38+00:00\" \/>\n<meta property=\"og:image\" content=\"https:\/\/kentneal.com\/wp-content\/uploads\/kent-neal-3b.jpg\" \/>\n\t<meta property=\"og:image:width\" content=\"1365\" \/>\n\t<meta property=\"og:image:height\" content=\"1365\" \/>\n\t<meta property=\"og:image:type\" content=\"image\/jpeg\" \/>\n<meta name=\"twitter:card\" content=\"summary_large_image\" \/>\n<meta name=\"twitter:label1\" content=\"Dur\u00e9e de lecture estim\u00e9e\" \/>\n\t<meta name=\"twitter:data1\" content=\"2 minutes\" \/>\n<script type=\"application\/ld+json\" class=\"yoast-schema-graph\">{\"@context\":\"https:\\\/\\\/schema.org\",\"@graph\":[{\"@type\":\"WebPage\",\"@id\":\"https:\\\/\\\/kentneal.com\\\/poetry-collections\\\/\",\"url\":\"https:\\\/\\\/kentneal.com\\\/poetry-collections\\\/\",\"name\":\"Poetry Collections - Kent Neal\",\"isPartOf\":{\"@id\":\"https:\\\/\\\/kentneal.com\\\/#website\"},\"datePublished\":\"2019-09-06T14:00:11+00:00\",\"dateModified\":\"2019-11-06T18:10:38+00:00\",\"description\":\"Books of poetry come in different formats: chapbooks, art books, e-books and poetry anthologies.\",\"breadcrumb\":{\"@id\":\"https:\\\/\\\/kentneal.com\\\/poetry-collections\\\/#breadcrumb\"},\"inLanguage\":\"fr-FR\",\"potentialAction\":[{\"@type\":\"ReadAction\",\"target\":[\"https:\\\/\\\/kentneal.com\\\/poetry-collections\\\/\"]}]},{\"@type\":\"BreadcrumbList\",\"@id\":\"https:\\\/\\\/kentneal.com\\\/poetry-collections\\\/#breadcrumb\",\"itemListElement\":[{\"@type\":\"ListItem\",\"position\":1,\"name\":\"Home\",\"item\":\"https:\\\/\\\/kentneal.com\\\/\"},{\"@type\":\"ListItem\",\"position\":2,\"name\":\"Poetry Collections\"}]},{\"@type\":\"WebSite\",\"@id\":\"https:\\\/\\\/kentneal.com\\\/#website\",\"url\":\"https:\\\/\\\/kentneal.com\\\/\",\"name\":\"Kent Neal\",\"description\":\"\",\"publisher\":{\"@id\":\"https:\\\/\\\/kentneal.com\\\/#\\\/schema\\\/person\\\/e505300cbe53a0026fa99727304705dd\"},\"potentialAction\":[{\"@type\":\"SearchAction\",\"target\":{\"@type\":\"EntryPoint\",\"urlTemplate\":\"https:\\\/\\\/kentneal.com\\\/?s={search_term_string}\"},\"query-input\":{\"@type\":\"PropertyValueSpecification\",\"valueRequired\":true,\"valueName\":\"search_term_string\"}}],\"inLanguage\":\"fr-FR\"},{\"@type\":[\"Person\",\"Organization\"],\"@id\":\"https:\\\/\\\/kentneal.com\\\/#\\\/schema\\\/person\\\/e505300cbe53a0026fa99727304705dd\",\"name\":\"kent\",\"image\":{\"@type\":\"ImageObject\",\"inLanguage\":\"fr-FR\",\"@id\":\"https:\\\/\\\/kentneal.com\\\/wp-content\\\/uploads\\\/kent-neal-3b.jpg\",\"url\":\"https:\\\/\\\/kentneal.com\\\/wp-content\\\/uploads\\\/kent-neal-3b.jpg\",\"contentUrl\":\"https:\\\/\\\/kentneal.com\\\/wp-content\\\/uploads\\\/kent-neal-3b.jpg\",\"width\":1365,\"height\":1365,\"caption\":\"kent\"},\"logo\":{\"@id\":\"https:\\\/\\\/kentneal.com\\\/wp-content\\\/uploads\\\/kent-neal-3b.jpg\"}}]}<\/script>\n<!-- \/ Yoast SEO plugin. -->","yoast_head_json":{"title":"Les Recueils de Po\u00e9sie - Kent Neal","description":"Les livres de po\u00e9sie se pr\u00e9sentent sous des formats diff\u00e9rents : les chapbooks, les livres d'art, les livres num\u00e9riques et les anthologies de po\u00e9sie.","robots":{"index":"index","follow":"follow","max-snippet":"max-snippet:-1","max-image-preview":"max-image-preview:large","max-video-preview":"max-video-preview:-1"},"canonical":"https:\/\/kentneal.com\/fr\/poetry-collections\/","og_locale":"fr_FR","og_type":"article","og_title":"Poetry Collections - Kent Neal","og_description":"Books of poetry come in different formats: chapbooks, art books, e-books and poetry anthologies.","og_url":"https:\/\/kentneal.com\/fr\/poetry-collections\/","og_site_name":"Kent Neal","article_modified_time":"2019-11-06T18:10:38+00:00","og_image":[{"width":1365,"height":1365,"url":"https:\/\/kentneal.com\/wp-content\/uploads\/kent-neal-3b.jpg","type":"image\/jpeg"}],"twitter_card":"summary_large_image","twitter_misc":{"Dur\u00e9e de lecture estim\u00e9e":"2 minutes"},"schema":{"@context":"https:\/\/schema.org","@graph":[{"@type":"WebPage","@id":"https:\/\/kentneal.com\/poetry-collections\/","url":"https:\/\/kentneal.com\/poetry-collections\/","name":"Les Recueils de Po\u00e9sie - Kent Neal","isPartOf":{"@id":"https:\/\/kentneal.com\/#website"},"datePublished":"2019-09-06T14:00:11+00:00","dateModified":"2019-11-06T18:10:38+00:00","description":"Les livres de po\u00e9sie se pr\u00e9sentent sous des formats diff\u00e9rents : les chapbooks, les livres d'art, les livres num\u00e9riques et les anthologies de po\u00e9sie.","breadcrumb":{"@id":"https:\/\/kentneal.com\/poetry-collections\/#breadcrumb"},"inLanguage":"fr-FR","potentialAction":[{"@type":"ReadAction","target":["https:\/\/kentneal.com\/poetry-collections\/"]}]},{"@type":"BreadcrumbList","@id":"https:\/\/kentneal.com\/poetry-collections\/#breadcrumb","itemListElement":[{"@type":"ListItem","position":1,"name":"Home","item":"https:\/\/kentneal.com\/"},{"@type":"ListItem","position":2,"name":"Poetry Collections"}]},{"@type":"WebSite","@id":"https:\/\/kentneal.com\/#website","url":"https:\/\/kentneal.com\/","name":"Kent Neal","description":"","publisher":{"@id":"https:\/\/kentneal.com\/#\/schema\/person\/e505300cbe53a0026fa99727304705dd"},"potentialAction":[{"@type":"SearchAction","target":{"@type":"EntryPoint","urlTemplate":"https:\/\/kentneal.com\/?s={search_term_string}"},"query-input":{"@type":"PropertyValueSpecification","valueRequired":true,"valueName":"search_term_string"}}],"inLanguage":"fr-FR"},{"@type":["Person","Organization"],"@id":"https:\/\/kentneal.com\/#\/schema\/person\/e505300cbe53a0026fa99727304705dd","name":"kent","image":{"@type":"ImageObject","inLanguage":"fr-FR","@id":"https:\/\/kentneal.com\/wp-content\/uploads\/kent-neal-3b.jpg","url":"https:\/\/kentneal.com\/wp-content\/uploads\/kent-neal-3b.jpg","contentUrl":"https:\/\/kentneal.com\/wp-content\/uploads\/kent-neal-3b.jpg","width":1365,"height":1365,"caption":"kent"},"logo":{"@id":"https:\/\/kentneal.com\/wp-content\/uploads\/kent-neal-3b.jpg"}}]}},"_links":{"self":[{"href":"https:\/\/kentneal.com\/fr\/wp-json\/wp\/v2\/pages\/544","targetHints":{"allow":["GET"]}}],"collection":[{"href":"https:\/\/kentneal.com\/fr\/wp-json\/wp\/v2\/pages"}],"about":[{"href":"https:\/\/kentneal.com\/fr\/wp-json\/wp\/v2\/types\/page"}],"author":[{"embeddable":true,"href":"https:\/\/kentneal.com\/fr\/wp-json\/wp\/v2\/users\/1"}],"replies":[{"embeddable":true,"href":"https:\/\/kentneal.com\/fr\/wp-json\/wp\/v2\/comments?post=544"}],"version-history":[{"count":1,"href":"https:\/\/kentneal.com\/fr\/wp-json\/wp\/v2\/pages\/544\/revisions"}],"predecessor-version":[{"id":1283,"href":"https:\/\/kentneal.com\/fr\/wp-json\/wp\/v2\/pages\/544\/revisions\/1283"}],"wp:attachment":[{"href":"https:\/\/kentneal.com\/fr\/wp-json\/wp\/v2\/media?parent=544"}],"curies":[{"name":"wp","href":"https:\/\/api.w.org\/{rel}","templated":true}]}}